{"id":93979,"date":"2024-11-25T21:57:02","date_gmt":"2024-11-25T21:57:02","guid":{"rendered":"https:\/\/jfhomologa.es\/politica-de-privacitat\/"},"modified":"2025-06-18T12:45:56","modified_gmt":"2025-06-18T12:45:56","slug":"politica-de-privacitat","status":"publish","type":"page","link":"https:\/\/jfhomologa.es\/ca\/politica-de-privacitat\/","title":{"rendered":"Pol\u00edtica de privacitat"},"content":{"rendered":"\t\t<div data-elementor-type=\"wp-page\" data-elementor-id=\"93979\" class=\"elementor elementor-93979 elementor-3\" data-elementor-post-type=\"page\">\n\t\t\t\t<div class=\"elementor-element elementor-element-6911499f e-flex e-con-boxed e-con e-parent\" data-id=\"6911499f\" data-element_type=\"container\" data-e-type=\"container\">\n\t\t\t\t\t<div class=\"e-con-inner\">\n\t\t\t\t<div class=\"elementor-element elementor-element-13f30d30 elementor-widget elementor-widget-text-editor\" data-id=\"13f30d30\" data-element_type=\"widget\" data-e-type=\"widget\" data-widget_type=\"text-editor.default\">\n\t\t\t\t<div class=\"elementor-widget-container\">\n\t\t\t\t\t\t\t\t\t\n<p data-start=\"124\" data-end=\"348\">A <strong data-start=\"127\" data-end=\"141\">JFHomologa<\/strong>, respectem la teva privacitat i ens comprometem a protegir les teves dades personals. A continuaci\u00f3, t\u2019informem de com tractem i protegim la informaci\u00f3 que ens facilites a trav\u00e9s de la nostra p\u00e0gina web. <\/p>\n<h5 data-start=\"350\" data-end=\"408\"><strong data-start=\"350\" data-end=\"408\">1. Responsable del tractament de les dades personals<\/strong><\/h5>\n<p data-start=\"410\" data-end=\"468\">El responsable del tractament de les teves dades personals \u00e9s:<\/p>\n<ul data-start=\"470\" data-end=\"677\">\n<li data-start=\"470\" data-end=\"504\"><strong data-start=\"472\" data-end=\"482\">Nom<\/strong>: Pau Jim\u00e9nez Florensa<\/li>\n<li data-start=\"505\" data-end=\"525\"><strong data-start=\"507\" data-end=\"514\">NIF<\/strong>: 47121467X<\/li>\n<li data-start=\"526\" data-end=\"615\"><strong data-start=\"528\" data-end=\"541\">Adre\u00e7a<\/strong>: Carrer del Pilar, 44, 08710 Santa Margarida de Montbui, Barcelona<\/li>\n<li data-start=\"616\" data-end=\"677\"><strong data-start=\"618\" data-end=\"640\">Correu electr\u00f2nic:<\/strong> <strong data-start=\"4995\" data-end=\"5034\">info@jfhomologa.com<\/strong><\/li>\n<\/ul>\n<h5 data-start=\"679\" data-end=\"735\"><strong data-start=\"679\" data-end=\"735\">2. Finalitat del tractament de les dades personals<\/strong><\/h5>\n<p data-start=\"737\" data-end=\"822\">Les dades personals que ens facilitis seran tractades amb les seg\u00fcents finalitats:<\/p>\n<ul data-start=\"823\" data-end=\"1309\">\n<li data-start=\"823\" data-end=\"977\"><strong data-start=\"825\" data-end=\"852\">Atendre les teves sol\u00b7licituds:<\/strong> Gestionar les consultes, sol\u00b7licituds d\u2019informaci\u00f3 o contractaci\u00f3 de serveis que ens facis a trav\u00e9s de la p\u00e0gina web.<\/li>\n<li data-start=\"978\" data-end=\"1198\"><strong data-start=\"980\" data-end=\"1019\">Enviament de comunicacions comercials:<\/strong> En cas que ens hagis donat el teu consentiment, t\u2019enviarem informaci\u00f3 sobre serveis, promocions o novetats relacionades amb <strong data-start=\"1154\" data-end=\"1168\">JFHomologa<\/strong> que puguin ser del teu inter\u00e8s.<\/li>\n<li data-start=\"1199\" data-end=\"1309\"><strong data-start=\"1201\" data-end=\"1237\">Complir amb obligacions legals:<\/strong> Gestionar el compliment de les obligacions legals i contractuals.<\/li>\n<\/ul>\n<h5 data-start=\"1311\" data-end=\"1348\"><strong data-start=\"1311\" data-end=\"1348\">3. Categories de dades personals<\/strong><\/h5>\n<p data-start=\"1350\" data-end=\"1389\">Les dades que podem recollir inclouen:<\/p>\n<ul data-start=\"1390\" data-end=\"1674\">\n<li data-start=\"1390\" data-end=\"1486\"><strong data-start=\"1392\" data-end=\"1413\">Dades de contacte:<\/strong> nom, cognoms, adre\u00e7a de correu electr\u00f2nic, n\u00famero de tel\u00e8fon.<\/li>\n<li data-start=\"1487\" data-end=\"1674\"><strong data-start=\"1489\" data-end=\"1512\">Dades de navegaci\u00f3<\/strong>: informaci\u00f3 recopilada a trav\u00e9s de cookies o tecnologies similars per analitzar el comportament de navegaci\u00f3 i millorar l&#8217;experi\u00e8ncia a la nostra web.<\/li>\n<\/ul>\n<h5 data-start=\"1676\" data-end=\"1726\"><strong data-start=\"1676\" data-end=\"1726\">4. Base legal pel tractament de les dades<\/strong><\/h5>\n<p data-start=\"1728\" data-end=\"1807\">El tractament de les teves dades personals es basa en les seg\u00fcents bases legals:<\/p>\n<ul data-start=\"1808\" data-end=\"2174\">\n<li data-start=\"1808\" data-end=\"1940\"><strong data-start=\"1810\" data-end=\"1828\">Consentiment:<\/strong> Per a l\u2019enviament de comunicacions comercials i de m\u00e0rqueting, sempre que ens hagis donat el teu consentiment expr\u00e9s.<\/li>\n<li data-start=\"1941\" data-end=\"2055\"><strong data-start=\"1943\" data-end=\"1971\">Execuci\u00f3 d\u2019un contracte: <\/strong>Quan ens contactes per contractar els nostres serveis o sol\u00b7licitar-nos informaci\u00f3.<\/li>\n<li data-start=\"2056\" data-end=\"2174\"><strong data-start=\"2058\" data-end=\"2098\">Compliment d\u2019obligacions legals:<\/strong> Quan sigui necessari per complir amb les obligacions legals o fiscals.<\/li>\n<\/ul>\n<h5 data-start=\"2176\" data-end=\"2220\"><strong data-start=\"2176\" data-end=\"2220\">5. Destinataris de les dades personals<\/strong><\/h5>\n<p data-start=\"2222\" data-end=\"2565\"><strong data-start=\"2222\" data-end=\"2236\">JFHomologa<\/strong> no cedir\u00e0 les teves dades personals a tercers, excepte en els casos en qu\u00e8 sigui necessari per complir amb una obligaci\u00f3 legal o en aquells en qu\u00e8 s\u2019hagin contractat serveis de tercers que puguin necessitar accedir a les teves dades per complir amb els seus serveis (per exemple, serveis d\u2019allotjament web o eines d\u2019an\u00e0lisi).<\/p>\n<h5 data-start=\"2567\" data-end=\"2613\"><strong data-start=\"2567\" data-end=\"2613\">6. Transfer\u00e8ncies internacionals de dades<\/strong><\/h5>\n<p data-start=\"2615\" data-end=\"2684\">No realitzem transfer\u00e8ncies internacionals de les teves dades personals.<\/p>\n<h5 data-start=\"2686\" data-end=\"2717\"><strong data-start=\"2686\" data-end=\"2717\">7. Drets dels usuaris<\/strong><\/h5>\n<p data-start=\"2719\" data-end=\"2774\">Com a titular de les dades personals, tens dret a:<\/p>\n<ul data-start=\"2775\" data-end=\"3472\">\n<li data-start=\"2775\" data-end=\"2925\"><strong data-start=\"2777\" data-end=\"2788\">Accedir<\/strong> a les teves dades personals per obtenir confirmaci\u00f3 sobre si estem tractant les teves dades i, en cas afirmatiu, accedir-hi.<\/li>\n<li data-start=\"2926\" data-end=\"2995\"><strong data-start=\"2928\" data-end=\"2942\">Rectificar<\/strong> les teves dades personals si s\u00f3n inexactes o incompletes.<\/li>\n<li data-start=\"2996\" data-end=\"3128\"><strong data-start=\"2998\" data-end=\"3010\">Suprimir<\/strong> les teves dades personals quan, entre altres raons, ja no siguin necess\u00e0ries per als fins per als quals van ser recollides.<\/li>\n<li data-start=\"3129\" data-end=\"3213\"><strong data-start=\"3131\" data-end=\"3142\">Limitar<\/strong> el tractament de les teves dades personals en determinades circumst\u00e0ncies.<\/li>\n<li data-start=\"3214\" data-end=\"3321\"><strong data-start=\"3216\" data-end=\"3228\">Oposar-te<\/strong> al tractament de les teves dades personals per motius relacionats amb la teva situaci\u00f3 particular.<\/li>\n<li data-start=\"3322\" data-end=\"3472\"><strong data-start=\"3324\" data-end=\"3353\">Sol\u00b7licitar la portabilitat<\/strong> de les teves dades, \u00e9s a dir, rebre les dades personals que ens hagis proporcionat en un format estructurat i llegible.<\/li>\n<\/ul>\n<p data-start=\"3474\" data-end=\"3735\">Per exercir qualsevol d\u2019aquests drets, pots posar-te en contacte amb nosaltres a trav\u00e9s del correu electr\u00f2nic [<strong data-start=\"3589\" data-end=\"3628\">el teu correu electr\u00f2nic de contacte] <\/strong>o per escrit a l\u2019adre\u00e7a <strong data-start=\"3658\" data-end=\"3734\">Carrer del Pilar, 44, 1r 1a, 08710 Santa Margarida de Montbui, Barcelona.<\/strong><\/p>\n<h5 data-start=\"3737\" data-end=\"3780\"><strong data-start=\"3737\" data-end=\"3780\">8. Conservaci\u00f3 de les dades personals<\/strong><\/h5>\n<p data-start=\"3782\" data-end=\"3961\">Conservarem les teves dades personals durant el temps que sigui necessari per complir amb la finalitat per a la qual van ser recollides i per complir amb les nostres obligacions legals.<\/p>\n<h5 data-start=\"3963\" data-end=\"3990\"><strong data-start=\"3963\" data-end=\"3990\">9. Mesures de seguretat<\/strong><\/h5>\n<p data-start=\"3992\" data-end=\"4225\">A <strong data-start=\"3995\" data-end=\"4009\">JFHomologa<\/strong>, adoptem les mesures t\u00e8cniques i organitzatives necess\u00e0ries per garantir la seguretat de les teves dades personals, protegint-les contra l\u2019acc\u00e9s no autoritzat, l\u2019alteraci\u00f3, la divulgaci\u00f3 o la destrucci\u00f3.<\/p>\n<h5 data-start=\"4227\" data-end=\"4249\"><strong data-start=\"4227\" data-end=\"4249\">10. \u00das de cookies<\/strong><\/h5>\n<p data-start=\"4251\" data-end=\"4445\">La nostra p\u00e0gina web utilitza galetes (cookies) per millorar l\u2019experi\u00e8ncia de l\u2019usuari i recopilar informaci\u00f3 sobre l\u2019\u00fas de la web. Per obtenir m\u00e9s informaci\u00f3, consulta la nostra <strong data-start=\"4421\" data-end=\"4444\">Pol\u00edtica de Cookies<\/strong>. <\/p>\n<h5 data-start=\"4447\" data-end=\"4497\"><strong data-start=\"4447\" data-end=\"4497\">11. Modificacions a la Pol\u00edtica de Privacitat<\/strong><\/h5>\n<p data-start=\"4499\" data-end=\"4797\"><strong data-start=\"4499\" data-end=\"4513\">JFHomologa<\/strong> es reserva el dret a modificar aquesta Pol\u00edtica de Privacitat en qualsevol moment. En cas que realitzem canvis importants, t\u2019ho informarem de manera destacada a la nostra p\u00e0gina web. La nova pol\u00edtica de privacitat entrar\u00e0 en vigor en el moment de la seva publicaci\u00f3 a la web.<br> <br>  <\/p>\n<h5 data-start=\"4799\" data-end=\"4815\"><strong data-start=\"4799\" data-end=\"4815\">12. Contacte<\/strong><\/h5>\n<p data-start=\"4817\" data-end=\"5086\">Si tens alguna dubte sobre la nostra Pol\u00edtica de Privacitat o el tractament de les teves dades personals, no dubtis a posar-te en contacte amb nosaltres a trav\u00e9s del correu electr\u00f2nic <strong data-start=\"4995\" data-end=\"5034\">info@jfhomologa.com<\/strong> o trucant al tel\u00e8fon <strong data-start=\"5058\" data-end=\"5085\">[el teu n\u00famero de contacte]<\/strong>.<\/p>\t\t\t\t\t\t\t\t<\/div>\n\t\t\t\t<\/div>\n\t\t\t\t\t<\/div>\n\t\t\t\t<\/div>\n\t\t\t\t<\/div>\n\t\t","protected":false},"excerpt":{"rendered":"<p>A JFHomologa, respectem la teva privacitat i ens comprometem a protegir les teves dades personals. A continuaci\u00f3, t\u2019informem de com tractem i protegim la informaci\u00f3 que ens facilites a trav\u00e9s de la nostra p\u00e0gina web. 1. Responsable del tractament..<\/p>\n","protected":false},"author":1,"featured_media":0,"parent":0,"menu_order":0,"comment_status":"closed","ping_status":"open","template":"","meta":{"footnotes":""},"class_list":["post-93979","page","type-page","status-publish","hentry"],"yoast_head":"<!-- This site is optimized with the Yoast SEO plugin v27.5 - https:\/\/yoast.com\/product\/yoast-seo-wordpress\/ -->\n<title>Pol\u00edtica de privacitat - JF Homologa<\/title>\n<meta name=\"robots\" content=\"index, follow, max-snippet:-1, max-image-preview:large, max-video-preview:-1\" \/>\n<link rel=\"canonical\" href=\"https:\/\/jfhomologa.es\/politica-privacidad\/\" \/>\n<meta property=\"og:locale\" content=\"ca_ES\" \/>\n<meta property=\"og:type\" content=\"article\" \/>\n<meta property=\"og:title\" content=\"Pol\u00edtica de privacitat - JF Homologa\" \/>\n<meta property=\"og:description\" content=\"A JFHomologa, respectem la teva privacitat i ens comprometem a protegir les teves dades personals. A continuaci\u00f3, t\u2019informem de com tractem i protegim la informaci\u00f3 que ens facilites a trav\u00e9s de la nostra p\u00e0gina web. 1. Responsable del tractament..\" \/>\n<meta property=\"og:url\" content=\"https:\/\/jfhomologa.es\/politica-privacidad\/\" \/>\n<meta property=\"og:site_name\" content=\"JF Homologa\" \/>\n<meta property=\"article:modified_time\" content=\"2025-06-18T12:45:56+00:00\" \/>\n<meta name=\"twitter:card\" content=\"summary_large_image\" \/>\n<meta name=\"twitter:label1\" content=\"Temps estimat de lectura\" \/>\n\t<meta name=\"twitter:data1\" content=\"4 minuts\" \/>\n<script type=\"application\/ld+json\" class=\"yoast-schema-graph\">{\"@context\":\"https:\\\/\\\/schema.org\",\"@graph\":[{\"@type\":\"WebPage\",\"@id\":\"https:\\\/\\\/jfhomologa.es\\\/politica-privacidad\\\/\",\"url\":\"https:\\\/\\\/jfhomologa.es\\\/politica-privacidad\\\/\",\"name\":\"Pol\u00edtica de privacitat - JF Homologa\",\"isPartOf\":{\"@id\":\"https:\\\/\\\/jfhomologa.es\\\/#website\"},\"datePublished\":\"2024-11-25T21:57:02+00:00\",\"dateModified\":\"2025-06-18T12:45:56+00:00\",\"breadcrumb\":{\"@id\":\"https:\\\/\\\/jfhomologa.es\\\/politica-privacidad\\\/#breadcrumb\"},\"inLanguage\":\"ca\",\"potentialAction\":[{\"@type\":\"ReadAction\",\"target\":[\"https:\\\/\\\/jfhomologa.es\\\/politica-privacidad\\\/\"]}]},{\"@type\":\"BreadcrumbList\",\"@id\":\"https:\\\/\\\/jfhomologa.es\\\/politica-privacidad\\\/#breadcrumb\",\"itemListElement\":[{\"@type\":\"ListItem\",\"position\":1,\"name\":\"Portada\",\"item\":\"https:\\\/\\\/jfhomologa.es\\\/\"},{\"@type\":\"ListItem\",\"position\":2,\"name\":\"Pol\u00edtica de privacitat\"}]},{\"@type\":\"WebSite\",\"@id\":\"https:\\\/\\\/jfhomologa.es\\\/#website\",\"url\":\"https:\\\/\\\/jfhomologa.es\\\/\",\"name\":\"JF Homologa\",\"description\":\"Homologaci\u00f3n online de veh\u00edculos, ofreciendo servicios r\u00e1pidos y efectivos para legalizar reformas en turismos, 4x4, campers, motos y m\u00e1s, garantizando el cumplimiento de la ITV sin complicaciones.\",\"publisher\":{\"@id\":\"https:\\\/\\\/jfhomologa.es\\\/#organization\"},\"potentialAction\":[{\"@type\":\"SearchAction\",\"target\":{\"@type\":\"EntryPoint\",\"urlTemplate\":\"https:\\\/\\\/jfhomologa.es\\\/?s={search_term_string}\"},\"query-input\":{\"@type\":\"PropertyValueSpecification\",\"valueRequired\":true,\"valueName\":\"search_term_string\"}}],\"inLanguage\":\"ca\"},{\"@type\":\"Organization\",\"@id\":\"https:\\\/\\\/jfhomologa.es\\\/#organization\",\"name\":\"JF Homologa\",\"url\":\"https:\\\/\\\/jfhomologa.es\\\/\",\"logo\":{\"@type\":\"ImageObject\",\"inLanguage\":\"ca\",\"@id\":\"https:\\\/\\\/jfhomologa.es\\\/#\\\/schema\\\/logo\\\/image\\\/\",\"url\":\"https:\\\/\\\/jfhomologa.es\\\/wp-content\\\/uploads\\\/2025\\\/04\\\/cropped-descarga-85.png\",\"contentUrl\":\"https:\\\/\\\/jfhomologa.es\\\/wp-content\\\/uploads\\\/2025\\\/04\\\/cropped-descarga-85.png\",\"width\":46,\"height\":35,\"caption\":\"JF Homologa\"},\"image\":{\"@id\":\"https:\\\/\\\/jfhomologa.es\\\/#\\\/schema\\\/logo\\\/image\\\/\"}}]}<\/script>\n<!-- \/ Yoast SEO plugin. -->","yoast_head_json":{"title":"Pol\u00edtica de privacitat - JF Homologa","robots":{"index":"index","follow":"follow","max-snippet":"max-snippet:-1","max-image-preview":"max-image-preview:large","max-video-preview":"max-video-preview:-1"},"canonical":"https:\/\/jfhomologa.es\/politica-privacidad\/","og_locale":"ca_ES","og_type":"article","og_title":"Pol\u00edtica de privacitat - JF Homologa","og_description":"A JFHomologa, respectem la teva privacitat i ens comprometem a protegir les teves dades personals. A continuaci\u00f3, t\u2019informem de com tractem i protegim la informaci\u00f3 que ens facilites a trav\u00e9s de la nostra p\u00e0gina web. 1. Responsable del tractament..","og_url":"https:\/\/jfhomologa.es\/politica-privacidad\/","og_site_name":"JF Homologa","article_modified_time":"2025-06-18T12:45:56+00:00","twitter_card":"summary_large_image","twitter_misc":{"Temps estimat de lectura":"4 minuts"},"schema":{"@context":"https:\/\/schema.org","@graph":[{"@type":"WebPage","@id":"https:\/\/jfhomologa.es\/politica-privacidad\/","url":"https:\/\/jfhomologa.es\/politica-privacidad\/","name":"Pol\u00edtica de privacitat - JF Homologa","isPartOf":{"@id":"https:\/\/jfhomologa.es\/#website"},"datePublished":"2024-11-25T21:57:02+00:00","dateModified":"2025-06-18T12:45:56+00:00","breadcrumb":{"@id":"https:\/\/jfhomologa.es\/politica-privacidad\/#breadcrumb"},"inLanguage":"ca","potentialAction":[{"@type":"ReadAction","target":["https:\/\/jfhomologa.es\/politica-privacidad\/"]}]},{"@type":"BreadcrumbList","@id":"https:\/\/jfhomologa.es\/politica-privacidad\/#breadcrumb","itemListElement":[{"@type":"ListItem","position":1,"name":"Portada","item":"https:\/\/jfhomologa.es\/"},{"@type":"ListItem","position":2,"name":"Pol\u00edtica de privacitat"}]},{"@type":"WebSite","@id":"https:\/\/jfhomologa.es\/#website","url":"https:\/\/jfhomologa.es\/","name":"JF Homologa","description":"Homologaci\u00f3n online de veh\u00edculos, ofreciendo servicios r\u00e1pidos y efectivos para legalizar reformas en turismos, 4x4, campers, motos y m\u00e1s, garantizando el cumplimiento de la ITV sin complicaciones.","publisher":{"@id":"https:\/\/jfhomologa.es\/#organization"},"potentialAction":[{"@type":"SearchAction","target":{"@type":"EntryPoint","urlTemplate":"https:\/\/jfhomologa.es\/?s={search_term_string}"},"query-input":{"@type":"PropertyValueSpecification","valueRequired":true,"valueName":"search_term_string"}}],"inLanguage":"ca"},{"@type":"Organization","@id":"https:\/\/jfhomologa.es\/#organization","name":"JF Homologa","url":"https:\/\/jfhomologa.es\/","logo":{"@type":"ImageObject","inLanguage":"ca","@id":"https:\/\/jfhomologa.es\/#\/schema\/logo\/image\/","url":"https:\/\/jfhomologa.es\/wp-content\/uploads\/2025\/04\/cropped-descarga-85.png","contentUrl":"https:\/\/jfhomologa.es\/wp-content\/uploads\/2025\/04\/cropped-descarga-85.png","width":46,"height":35,"caption":"JF Homologa"},"image":{"@id":"https:\/\/jfhomologa.es\/#\/schema\/logo\/image\/"}}]}},"_links":{"self":[{"href":"https:\/\/jfhomologa.es\/ca\/wp-json\/wp\/v2\/pages\/93979","targetHints":{"allow":["GET"]}}],"collection":[{"href":"https:\/\/jfhomologa.es\/ca\/wp-json\/wp\/v2\/pages"}],"about":[{"href":"https:\/\/jfhomologa.es\/ca\/wp-json\/wp\/v2\/types\/page"}],"author":[{"embeddable":true,"href":"https:\/\/jfhomologa.es\/ca\/wp-json\/wp\/v2\/users\/1"}],"replies":[{"embeddable":true,"href":"https:\/\/jfhomologa.es\/ca\/wp-json\/wp\/v2\/comments?post=93979"}],"version-history":[{"count":3,"href":"https:\/\/jfhomologa.es\/ca\/wp-json\/wp\/v2\/pages\/93979\/revisions"}],"predecessor-version":[{"id":93982,"href":"https:\/\/jfhomologa.es\/ca\/wp-json\/wp\/v2\/pages\/93979\/revisions\/93982"}],"wp:attachment":[{"href":"https:\/\/jfhomologa.es\/ca\/wp-json\/wp\/v2\/media?parent=93979"}],"curies":[{"name":"wp","href":"https:\/\/api.w.org\/{rel}","templated":true}]}}