{"id":93975,"date":"2025-03-11T13:12:40","date_gmt":"2025-03-11T13:12:40","guid":{"rendered":"https:\/\/jfhomologa.es\/politica-de-cookies\/"},"modified":"2025-06-18T12:30:30","modified_gmt":"2025-06-18T12:30:30","slug":"politica-de-cookies","status":"publish","type":"page","link":"https:\/\/jfhomologa.es\/ca\/politica-de-cookies\/","title":{"rendered":"Pol\u00edtica de Cookies"},"content":{"rendered":"\t\t<div data-elementor-type=\"wp-page\" data-elementor-id=\"93975\" class=\"elementor elementor-93975 elementor-93082\" data-elementor-post-type=\"page\">\n\t\t\t\t\t\t<section class=\"elementor-section elementor-top-section elementor-element elementor-element-242a46 elementor-section-boxed elementor-section-height-default elementor-section-height-default\" data-id=\"242a46\" data-element_type=\"section\" data-e-type=\"section\">\n\t\t\t\t\t\t<div class=\"elementor-container elementor-column-gap-default\">\n\t\t\t\t\t<div class=\"elementor-column elementor-col-100 elementor-top-column elementor-element elementor-element-1a5ea6e2\" data-id=\"1a5ea6e2\" data-element_type=\"column\" data-e-type=\"column\">\n\t\t\t<div class=\"elementor-widget-wrap elementor-element-populated\">\n\t\t\t\t\t\t<div class=\"elementor-element elementor-element-13033609 elementor-widget elementor-widget-text-editor\" data-id=\"13033609\" data-element_type=\"widget\" data-e-type=\"widget\" data-widget_type=\"text-editor.default\">\n\t\t\t\t<div class=\"elementor-widget-container\">\n\t\t\t\t\t\t\t\t\t\n<p data-start=\"118\" data-end=\"335\">A <strong data-start=\"121\" data-end=\"135\">JFHomologa<\/strong>, utilitzem cookies per millorar l\u2019experi\u00e8ncia de navegaci\u00f3 dels usuaris a la nostra p\u00e0gina web. A continuaci\u00f3, t\u2019expliquem qu\u00e8 s\u00f3n les cookies, com les utilitzem i com les pots gestionar. <\/p>\n<h5 data-start=\"337\" data-end=\"365\"><strong data-start=\"337\" data-end=\"365\">1. Qu\u00e8 s\u00f3n les cookies?<\/strong><\/h5>\n<p data-start=\"367\" data-end=\"721\">Les cookies s\u00f3n petits arxius de text que s\u2019emmagatzemen al teu dispositiu (ordinador, tel\u00e8fon m\u00f2bil, tauleta, etc.) quan accedeixes a una p\u00e0gina web. Aquests arxius permeten que la p\u00e0gina web recordi les teves prefer\u00e8ncies i activitats de navegaci\u00f3 durant un per\u00edode determinat, facilitant aix\u00ed una experi\u00e8ncia de navegaci\u00f3 m\u00e9s personalitzada i eficient. <\/p>\n<h5 data-start=\"723\" data-end=\"763\"><strong data-start=\"723\" data-end=\"763\">2. Quins tipus de cookies utilitzem?<\/strong><\/h5>\n<p data-start=\"765\" data-end=\"830\">Al nostre lloc web utilitzem els seg\u00fcents tipus de cookies:<\/p>\n<ul data-start=\"832\" data-end=\"2188\">\n<li data-start=\"832\" data-end=\"1109\">\n<p data-start=\"834\" data-end=\"1109\"><strong data-start=\"834\" data-end=\"870\">Cookies estrictament necess\u00e0ries: <\/strong>S\u00f3n necess\u00e0ries per al funcionament de la p\u00e0gina web. Aquestes cookies permeten la navegaci\u00f3 i l\u2019acc\u00e9s a les \u00e0rees segures del lloc, com l\u2019inici de sessi\u00f3 o la realitzaci\u00f3 de compres. Sense elles, la web no funcionaria correctament.  <\/p>\n<\/li>\n<li data-start=\"1113\" data-end=\"1390\">\n<p data-start=\"1115\" data-end=\"1390\"><strong data-start=\"1115\" data-end=\"1141\">Cookies de rendiment:<\/strong> Aquestes cookies permeten mesurar el rendiment de la p\u00e0gina web i saber com els usuaris hi interactuen. Ens ajuden a millorar la funcionalitat i el rendiment del lloc, aix\u00ed com a analitzar l\u2019efic\u00e0cia dels anuncis i campanyes de m\u00e0rqueting. <\/p>\n<\/li>\n<li data-start=\"1392\" data-end=\"1594\">\n<p data-start=\"1394\" data-end=\"1594\"><strong data-start=\"1394\" data-end=\"1422\">Cookies de funcionalitat:<\/strong> Permeten que la web recordi les prefer\u00e8ncies dels usuaris, com l\u2019idioma o la mida de la font, per oferir una experi\u00e8ncia de navegaci\u00f3 m\u00e9s personalitzada.<\/p>\n<\/li>\n<li data-start=\"1596\" data-end=\"1853\">\n<p data-start=\"1598\" data-end=\"1853\"><strong data-start=\"1598\" data-end=\"1638\">Cookies de publicitat o de targeting:<\/strong> S\u2019utilitzen per oferir anuncis personalitzats segons els interessos de l\u2019usuari. Tamb\u00e9 serveixen per limitar la quantitat de vegades que un usuari veu un anunci i mesurar l\u2019efectivitat de les campanyes publicit\u00e0ries. <\/p>\n<\/li>\n<li data-start=\"1855\" data-end=\"2188\">\n<p data-start=\"1857\" data-end=\"2188\"><strong data-start=\"1857\" data-end=\"1880\">Cookies de tercers:<\/strong> En alguns casos, utilitzem cookies proporcionades per serveis externs com Google Analytics, que ens permeten analitzar el tr\u00e0nsit i el comportament dels usuaris al web. Aquests serveis poden emmagatzemar cookies al teu dispositiu per fer an\u00e0lisis estad\u00edstics i millorar els nostres serveis. <\/p>\n<\/li>\n<\/ul>\n<h5 data-start=\"2190\" data-end=\"2226\"><strong data-start=\"2190\" data-end=\"2226\">3. Com utilitzem les cookies?<\/strong><\/h5>\n<p data-start=\"2228\" data-end=\"2257\">Les cookies s\u2019utilitzen per a:<\/p>\n<ul data-start=\"2259\" data-end=\"2479\">\n<li data-start=\"2259\" data-end=\"2298\">Millorar l&#8217;experi\u00e8ncia de navegaci\u00f3.<\/li>\n<li data-start=\"2299\" data-end=\"2376\">Analitzar el comportament dels usuaris per fer millores al web.<\/li>\n<li data-start=\"2377\" data-end=\"2411\">Oferir anuncis personalitzats.<\/li>\n<li data-start=\"2412\" data-end=\"2479\">Recordar les teves prefer\u00e8ncies i configuracions per a futures visites.<\/li>\n<\/ul>\n<h5 data-start=\"2481\" data-end=\"2523\"><strong data-start=\"2481\" data-end=\"2523\">4. Com pots gestionar les cookies?<\/strong><\/h5>\n<p data-start=\"2525\" data-end=\"2733\">En visitar la nostra p\u00e0gina web, se t\u2019informar\u00e0 sobre l\u2019\u00fas de cookies mitjan\u00e7ant un banner que et d\u00f3na l\u2019opci\u00f3 d\u2019acceptar-ne l\u2019\u00fas. Si acceptes, consentir\u00e0s l\u2019\u00fas de cookies tal com es descriu en aquesta pol\u00edtica. <\/p>\n<p data-start=\"2735\" data-end=\"2939\">Si vols desactivar o eliminar les cookies, pots fer-ho des de la configuraci\u00f3 del teu navegador. A continuaci\u00f3, et facilitem els enlla\u00e7os per gestionar les cookies als navegadors m\u00e9s comuns: <\/p>\n<ul data-start=\"2941\" data-end=\"3480\">\n<li data-start=\"2941\" data-end=\"3061\"><strong data-start=\"2943\" data-end=\"2960\">Google Chrome<\/strong>: <a target=\"_new\" rel=\"noopener\" data-start=\"2962\" data-end=\"3061\">Com gestionar les cookies a Google Chrome<\/a><\/li>\n<li data-start=\"3062\" data-end=\"3205\"><strong data-start=\"3064\" data-end=\"3083\">Mozilla Firefox<\/strong>: <a href=\"https:\/\/support.mozilla.org\/es\/kb\/activacion-y-configuracion-de-cookies\" target=\"_new\" rel=\"noopener\" data-start=\"3085\" data-end=\"3205\">Com gestionar les cookies a Mozilla Firefox<\/a><\/li>\n<li data-start=\"3206\" data-end=\"3318\"><strong data-start=\"3208\" data-end=\"3218\">Safari<\/strong>: <a href=\"https:\/\/support.apple.com\/es-es\/guide\/safari\/sfri11471\/mac\" target=\"_new\" rel=\"noopener\" data-start=\"3220\" data-end=\"3318\">Com gestionar les cookies a Safari<\/a><\/li>\n<li data-start=\"3319\" data-end=\"3480\"><strong data-start=\"3321\" data-end=\"3339\">Microsoft Edge<\/strong>: <a href=\"https:\/\/support.microsoft.com\/es-es\/microsoft-edge\/configurar-las-cookies-en-microsoft-edge\" target=\"_new\" rel=\"noopener\" data-start=\"3341\" data-end=\"3480\">Com gestionar les cookies a Microsoft Edge<\/a><\/li>\n<\/ul>\n<p data-start=\"3482\" data-end=\"3606\">Si decideixes desactivar les cookies, algunes funcions del lloc web poden no estar disponibles o no funcionar correctament.<\/p>\n<h5 data-start=\"3608\" data-end=\"3652\"><strong data-start=\"3608\" data-end=\"3652\">5. Qu\u00e8 passa si desactivo les cookies?<\/strong><\/h5>\n<p data-start=\"3654\" data-end=\"3900\">Si decideixes desactivar les cookies, \u00e9s possible que algunes funcionalitats del web no funcionin correctament, cosa que podria afectar la teva experi\u00e8ncia d\u2019usuari. Per exemple, no podr\u00e0s guardar les teves prefer\u00e8ncies ni rebre publicitat personalitzada. <\/p>\n<h5 data-start=\"3902\" data-end=\"3949\"><strong data-start=\"3902\" data-end=\"3949\">6. Modificacions a la Pol\u00edtica de Cookies<\/strong><\/h5>\n<p data-start=\"3951\" data-end=\"4180\"><strong data-start=\"3951\" data-end=\"3965\">JFHomologa<\/strong> es reserva el dret a modificar aquesta Pol\u00edtica de Cookies en qualsevol moment. En cas que es produeixin canvis substancials, se\u2019n notificar\u00e0 als usuaris mitjan\u00e7ant un av\u00eds a la web o per correu electr\u00f2nic. <\/p>\n<p data-start=\"4182\" data-end=\"4295\">Et recomanem que revisis aquesta pol\u00edtica peri\u00f2dicament per mantenir-te informat sobre com utilitzem les cookies.<\/p>\n<h5 data-start=\"4297\" data-end=\"4312\"><strong data-start=\"4297\" data-end=\"4312\">7. Contacte<\/strong><\/h5>\n<p data-start=\"4314\" data-end=\"4501\">Si tens alguna pregunta sobre la nostra Pol\u00edtica de Cookies o necessites m\u00e9s informaci\u00f3 sobre l\u2019\u00fas de cookies a la nostra p\u00e0gina web, pots posar-te en contacte amb nosaltres a trav\u00e9s de:<\/p>\n<ul data-start=\"4503\" data-end=\"4695\">\n<li data-start=\"4503\" data-end=\"4564\"><strong data-start=\"4505\" data-end=\"4527\">Correu electr\u00f2nic<\/strong>: info@jfhomologa.com<\/li>\n<li data-start=\"4565\" data-end=\"4604\"><strong data-start=\"4567\" data-end=\"4579\">Tel\u00e8fon<\/strong>: 654 830 302<\/li>\n<\/ul>\n\t\t\t\t\t\t\t\t<\/div>\n\t\t\t\t<\/div>\n\t\t\t\t\t<\/div>\n\t\t<\/div>\n\t\t\t\t\t<\/div>\n\t\t<\/section>\n\t\t\t\t<\/div>\n\t\t","protected":false},"excerpt":{"rendered":"<p>A JFHomologa, utilitzem cookies per millorar l\u2019experi\u00e8ncia de navegaci\u00f3 dels usuaris a la nostra p\u00e0gina web. A continuaci\u00f3, t\u2019expliquem qu\u00e8 s\u00f3n les cookies, com les utilitzem i com les pots gestionar. 1. Qu\u00e8 s\u00f3n les cookies? Les cookies s\u00f3n..<\/p>\n","protected":false},"author":1,"featured_media":0,"parent":0,"menu_order":0,"comment_status":"closed","ping_status":"closed","template":"","meta":{"footnotes":""},"class_list":["post-93975","page","type-page","status-publish","hentry"],"yoast_head":"<!-- This site is optimized with the Yoast SEO plugin v27.5 - https:\/\/yoast.com\/product\/yoast-seo-wordpress\/ -->\n<title>Pol\u00edtica de Cookies - JF Homologa<\/title>\n<meta name=\"robots\" content=\"index, follow, max-snippet:-1, max-image-preview:large, max-video-preview:-1\" \/>\n<link rel=\"canonical\" href=\"https:\/\/jfhomologa.es\/politica-de-cookies\/\" \/>\n<meta property=\"og:locale\" content=\"ca_ES\" \/>\n<meta property=\"og:type\" content=\"article\" \/>\n<meta property=\"og:title\" content=\"Pol\u00edtica de Cookies - JF Homologa\" \/>\n<meta property=\"og:description\" content=\"A JFHomologa, utilitzem cookies per millorar l\u2019experi\u00e8ncia de navegaci\u00f3 dels usuaris a la nostra p\u00e0gina web. A continuaci\u00f3, t\u2019expliquem qu\u00e8 s\u00f3n les cookies, com les utilitzem i com les pots gestionar. 1. Qu\u00e8 s\u00f3n les cookies? Les cookies s\u00f3n..\" \/>\n<meta property=\"og:url\" content=\"https:\/\/jfhomologa.es\/politica-de-cookies\/\" \/>\n<meta property=\"og:site_name\" content=\"JF Homologa\" \/>\n<meta property=\"article:modified_time\" content=\"2025-06-18T12:30:30+00:00\" \/>\n<meta name=\"twitter:card\" content=\"summary_large_image\" \/>\n<meta name=\"twitter:label1\" content=\"Temps estimat de lectura\" \/>\n\t<meta name=\"twitter:data1\" content=\"3 minuts\" \/>\n<script type=\"application\/ld+json\" class=\"yoast-schema-graph\">{\"@context\":\"https:\\\/\\\/schema.org\",\"@graph\":[{\"@type\":\"WebPage\",\"@id\":\"https:\\\/\\\/jfhomologa.es\\\/politica-de-cookies\\\/\",\"url\":\"https:\\\/\\\/jfhomologa.es\\\/politica-de-cookies\\\/\",\"name\":\"Pol\u00edtica de Cookies - JF Homologa\",\"isPartOf\":{\"@id\":\"https:\\\/\\\/jfhomologa.es\\\/#website\"},\"datePublished\":\"2025-03-11T13:12:40+00:00\",\"dateModified\":\"2025-06-18T12:30:30+00:00\",\"breadcrumb\":{\"@id\":\"https:\\\/\\\/jfhomologa.es\\\/politica-de-cookies\\\/#breadcrumb\"},\"inLanguage\":\"ca\",\"potentialAction\":[{\"@type\":\"ReadAction\",\"target\":[\"https:\\\/\\\/jfhomologa.es\\\/politica-de-cookies\\\/\"]}]},{\"@type\":\"BreadcrumbList\",\"@id\":\"https:\\\/\\\/jfhomologa.es\\\/politica-de-cookies\\\/#breadcrumb\",\"itemListElement\":[{\"@type\":\"ListItem\",\"position\":1,\"name\":\"Portada\",\"item\":\"https:\\\/\\\/jfhomologa.es\\\/\"},{\"@type\":\"ListItem\",\"position\":2,\"name\":\"Pol\u00edtica de Cookies\"}]},{\"@type\":\"WebSite\",\"@id\":\"https:\\\/\\\/jfhomologa.es\\\/#website\",\"url\":\"https:\\\/\\\/jfhomologa.es\\\/\",\"name\":\"JF Homologa\",\"description\":\"Homologaci\u00f3n online de veh\u00edculos, ofreciendo servicios r\u00e1pidos y efectivos para legalizar reformas en turismos, 4x4, campers, motos y m\u00e1s, garantizando el cumplimiento de la ITV sin complicaciones.\",\"publisher\":{\"@id\":\"https:\\\/\\\/jfhomologa.es\\\/#organization\"},\"potentialAction\":[{\"@type\":\"SearchAction\",\"target\":{\"@type\":\"EntryPoint\",\"urlTemplate\":\"https:\\\/\\\/jfhomologa.es\\\/?s={search_term_string}\"},\"query-input\":{\"@type\":\"PropertyValueSpecification\",\"valueRequired\":true,\"valueName\":\"search_term_string\"}}],\"inLanguage\":\"ca\"},{\"@type\":\"Organization\",\"@id\":\"https:\\\/\\\/jfhomologa.es\\\/#organization\",\"name\":\"JF Homologa\",\"url\":\"https:\\\/\\\/jfhomologa.es\\\/\",\"logo\":{\"@type\":\"ImageObject\",\"inLanguage\":\"ca\",\"@id\":\"https:\\\/\\\/jfhomologa.es\\\/#\\\/schema\\\/logo\\\/image\\\/\",\"url\":\"https:\\\/\\\/jfhomologa.es\\\/wp-content\\\/uploads\\\/2025\\\/04\\\/cropped-descarga-85.png\",\"contentUrl\":\"https:\\\/\\\/jfhomologa.es\\\/wp-content\\\/uploads\\\/2025\\\/04\\\/cropped-descarga-85.png\",\"width\":46,\"height\":35,\"caption\":\"JF Homologa\"},\"image\":{\"@id\":\"https:\\\/\\\/jfhomologa.es\\\/#\\\/schema\\\/logo\\\/image\\\/\"}}]}<\/script>\n<!-- \/ Yoast SEO plugin. -->","yoast_head_json":{"title":"Pol\u00edtica de Cookies - JF Homologa","robots":{"index":"index","follow":"follow","max-snippet":"max-snippet:-1","max-image-preview":"max-image-preview:large","max-video-preview":"max-video-preview:-1"},"canonical":"https:\/\/jfhomologa.es\/politica-de-cookies\/","og_locale":"ca_ES","og_type":"article","og_title":"Pol\u00edtica de Cookies - JF Homologa","og_description":"A JFHomologa, utilitzem cookies per millorar l\u2019experi\u00e8ncia de navegaci\u00f3 dels usuaris a la nostra p\u00e0gina web. A continuaci\u00f3, t\u2019expliquem qu\u00e8 s\u00f3n les cookies, com les utilitzem i com les pots gestionar. 1. Qu\u00e8 s\u00f3n les cookies? Les cookies s\u00f3n..","og_url":"https:\/\/jfhomologa.es\/politica-de-cookies\/","og_site_name":"JF Homologa","article_modified_time":"2025-06-18T12:30:30+00:00","twitter_card":"summary_large_image","twitter_misc":{"Temps estimat de lectura":"3 minuts"},"schema":{"@context":"https:\/\/schema.org","@graph":[{"@type":"WebPage","@id":"https:\/\/jfhomologa.es\/politica-de-cookies\/","url":"https:\/\/jfhomologa.es\/politica-de-cookies\/","name":"Pol\u00edtica de Cookies - JF Homologa","isPartOf":{"@id":"https:\/\/jfhomologa.es\/#website"},"datePublished":"2025-03-11T13:12:40+00:00","dateModified":"2025-06-18T12:30:30+00:00","breadcrumb":{"@id":"https:\/\/jfhomologa.es\/politica-de-cookies\/#breadcrumb"},"inLanguage":"ca","potentialAction":[{"@type":"ReadAction","target":["https:\/\/jfhomologa.es\/politica-de-cookies\/"]}]},{"@type":"BreadcrumbList","@id":"https:\/\/jfhomologa.es\/politica-de-cookies\/#breadcrumb","itemListElement":[{"@type":"ListItem","position":1,"name":"Portada","item":"https:\/\/jfhomologa.es\/"},{"@type":"ListItem","position":2,"name":"Pol\u00edtica de Cookies"}]},{"@type":"WebSite","@id":"https:\/\/jfhomologa.es\/#website","url":"https:\/\/jfhomologa.es\/","name":"JF Homologa","description":"Homologaci\u00f3n online de veh\u00edculos, ofreciendo servicios r\u00e1pidos y efectivos para legalizar reformas en turismos, 4x4, campers, motos y m\u00e1s, garantizando el cumplimiento de la ITV sin complicaciones.","publisher":{"@id":"https:\/\/jfhomologa.es\/#organization"},"potentialAction":[{"@type":"SearchAction","target":{"@type":"EntryPoint","urlTemplate":"https:\/\/jfhomologa.es\/?s={search_term_string}"},"query-input":{"@type":"PropertyValueSpecification","valueRequired":true,"valueName":"search_term_string"}}],"inLanguage":"ca"},{"@type":"Organization","@id":"https:\/\/jfhomologa.es\/#organization","name":"JF Homologa","url":"https:\/\/jfhomologa.es\/","logo":{"@type":"ImageObject","inLanguage":"ca","@id":"https:\/\/jfhomologa.es\/#\/schema\/logo\/image\/","url":"https:\/\/jfhomologa.es\/wp-content\/uploads\/2025\/04\/cropped-descarga-85.png","contentUrl":"https:\/\/jfhomologa.es\/wp-content\/uploads\/2025\/04\/cropped-descarga-85.png","width":46,"height":35,"caption":"JF Homologa"},"image":{"@id":"https:\/\/jfhomologa.es\/#\/schema\/logo\/image\/"}}]}},"_links":{"self":[{"href":"https:\/\/jfhomologa.es\/ca\/wp-json\/wp\/v2\/pages\/93975","targetHints":{"allow":["GET"]}}],"collection":[{"href":"https:\/\/jfhomologa.es\/ca\/wp-json\/wp\/v2\/pages"}],"about":[{"href":"https:\/\/jfhomologa.es\/ca\/wp-json\/wp\/v2\/types\/page"}],"author":[{"embeddable":true,"href":"https:\/\/jfhomologa.es\/ca\/wp-json\/wp\/v2\/users\/1"}],"replies":[{"embeddable":true,"href":"https:\/\/jfhomologa.es\/ca\/wp-json\/wp\/v2\/comments?post=93975"}],"version-history":[{"count":3,"href":"https:\/\/jfhomologa.es\/ca\/wp-json\/wp\/v2\/pages\/93975\/revisions"}],"predecessor-version":[{"id":93978,"href":"https:\/\/jfhomologa.es\/ca\/wp-json\/wp\/v2\/pages\/93975\/revisions\/93978"}],"wp:attachment":[{"href":"https:\/\/jfhomologa.es\/ca\/wp-json\/wp\/v2\/media?parent=93975"}],"curies":[{"name":"wp","href":"https:\/\/api.w.org\/{rel}","templated":true}]}}