{"id":93956,"date":"2025-03-11T13:17:18","date_gmt":"2025-03-11T13:17:18","guid":{"rendered":"https:\/\/jfhomologa.es\/declaracio-daccessibilitat\/"},"modified":"2025-06-18T12:02:31","modified_gmt":"2025-06-18T12:02:31","slug":"declaracio-daccessibilitat","status":"publish","type":"page","link":"https:\/\/jfhomologa.es\/ca\/declaracio-daccessibilitat\/","title":{"rendered":"Declaraci\u00f3 d&#8217;Accessibilitat"},"content":{"rendered":"\t\t<div data-elementor-type=\"wp-page\" data-elementor-id=\"93956\" class=\"elementor elementor-93956 elementor-93097\" data-elementor-post-type=\"page\">\n\t\t\t\t\t\t<section class=\"elementor-section elementor-top-section elementor-element elementor-element-242a46 elementor-section-boxed elementor-section-height-default elementor-section-height-default\" data-id=\"242a46\" data-element_type=\"section\" data-e-type=\"section\">\n\t\t\t\t\t\t<div class=\"elementor-container elementor-column-gap-default\">\n\t\t\t\t\t<div class=\"elementor-column elementor-col-100 elementor-top-column elementor-element elementor-element-1a5ea6e2\" data-id=\"1a5ea6e2\" data-element_type=\"column\" data-e-type=\"column\">\n\t\t\t<div class=\"elementor-widget-wrap elementor-element-populated\">\n\t\t\t\t\t\t<div class=\"elementor-element elementor-element-13033609 elementor-widget elementor-widget-text-editor\" data-id=\"13033609\" data-element_type=\"widget\" data-e-type=\"widget\" data-widget_type=\"text-editor.default\">\n\t\t\t\t<div class=\"elementor-widget-container\">\n\t\t\t\t\t\t\t\t\t\n<p data-start=\"136\" data-end=\"479\">A <strong data-start=\"139\" data-end=\"153\">JFHomologa<\/strong>, ens comprometem a garantir l\u2019accessibilitat del nostre lloc web per a totes les persones, independentment de les seves capacitats. Amb aquest objectiu, treballem per complir els requisits establerts en la legislaci\u00f3 vigent i garantir que el nostre contingut sigui accessible per al major nombre possible d\u2019usuaris. <\/p>\n<h5 data-start=\"481\" data-end=\"516\"><strong data-start=\"481\" data-end=\"516\">1. Objectiu de l&#8217;accessibilitat<\/strong><\/h5>\n<p data-start=\"518\" data-end=\"1027\">L\u2019objectiu d\u2019aquesta Declaraci\u00f3 d\u2019Accessibilitat \u00e9s fer que el lloc web de <strong data-start=\"596\" data-end=\"610\">JFHomologa<\/strong> sigui accessible per a totes les persones, incloses aquelles amb discapacitats, perqu\u00e8 puguin navegar i gaudir dels nostres continguts i serveis sense barreres. Ens esforcem per complir amb els est\u00e0ndards establerts a les <strong data-start=\"838\" data-end=\"903\">Directrius d\u2019Accessibilitat per al Contingut Web (WCAG 2.1)<\/strong> i amb la <strong data-start=\"912\" data-end=\"1026\">Llei 34\/2002, d\u201911 de juliol, de Serveis de la Societat de la Informaci\u00f3 i de Comer\u00e7 Electr\u00f2nic (LSSI-CE)<\/strong>. <\/p>\n<h5 data-start=\"1029\" data-end=\"1057\"><strong data-start=\"1029\" data-end=\"1057\">2. Grau de cumpliment<\/strong><\/h5>\n<p data-start=\"1059\" data-end=\"1456\">El nostre lloc web es troba en proc\u00e9s d\u2019adaptaci\u00f3 per complir amb els <strong data-start=\"1136\" data-end=\"1158\">criteris WCAG 2.1<\/strong> del <strong data-start=\"1165\" data-end=\"1200\">World Wide Web Consortium (W3C)<\/strong>. Tot i que treballem per assegurar que el contingut del nostre lloc sigui accessible, \u00e9s possible que algunes seccions no estiguin completament alineades amb tots els criteris d\u2019accessibilitat, ja que realitzem millores i actualitzacions de manera cont\u00ednua. <\/p>\n<h5 data-start=\"1458\" data-end=\"1480\"><strong data-start=\"1458\" data-end=\"1480\">3. Arees de millora<\/strong><\/h5>\n<p data-start=\"1482\" data-end=\"1671\">Tot i que fem tot el possible per garantir l\u2019accessibilitat del nostre lloc web, actualment hi ha algunes \u00e0rees en les quals continuem treballant per millorar l\u2019accessibilitat, com ara:<\/p>\n<ul data-start=\"1672\" data-end=\"1936\">\n<li data-start=\"1672\" data-end=\"1771\"><strong data-start=\"1674\" data-end=\"1698\">Contingut multimedia<\/strong>: Alguns v\u00eddeos poden no tenir subt\u00edtols o descripcions alternatives.<\/li>\n<li data-start=\"1772\" data-end=\"1933\"><strong data-start=\"1774\" data-end=\"1788\">Navegaci\u00f3<\/strong>: En algunes seccions, la navegaci\u00f3 pot requerir l\u2019\u00fas d\u2019un ratol\u00ed, cosa que podria dificultar l\u2019acc\u00e9s a persones amb mobilitat redu\u00efda.<\/li>\n<\/ul>\n<p data-start=\"1937\" data-end=\"2045\">Estem compromesos a millorar aquests aspectes per complir plenament amb els est\u00e0ndards d\u2019accessibilitat.<\/p>\n<h5 data-start=\"2047\" data-end=\"2071\"><strong data-start=\"2047\" data-end=\"2071\">4. Mesures adoptades<\/strong><\/h5>\n<p data-start=\"2073\" data-end=\"2186\">Per garantir l\u2019accessibilitat del nostre lloc web, hem implementat diverses mesures, entre les quals destaquen:<\/p>\n<ul data-start=\"2187\" data-end=\"2592\">\n<li data-start=\"2187\" data-end=\"2298\">\u00das d\u2019un disseny web que afavoreix la compatibilitat amb tecnologies d\u2019assist\u00e8ncia, com ara els lectors de pantalla.<\/li>\n<li data-start=\"2299\" data-end=\"2383\">Incorporaci\u00f3 de descripcions alternatives (atributs <strong data-start=\"2356\" data-end=\"2363\">alt<\/strong>) per a les imatges.<\/li>\n<li data-start=\"2384\" data-end=\"2450\">Optimitzaci\u00f3 del contrast de colors per facilitar la lectura.<\/li>\n<li data-start=\"2451\" data-end=\"2505\">Adaptaci\u00f3 del web perqu\u00e8 sigui navegable amb teclat.<\/li>\n<li data-start=\"2506\" data-end=\"2592\">Inclusi\u00f3 d\u2019opcions per ajustar la mida dels textos i millorar la llegibilitat.<\/li>\n<\/ul>\n<h5 data-start=\"2594\" data-end=\"2638\"><strong data-start=\"2594\" data-end=\"2638\">5. Retroalimentaci\u00f3 sobre accessibilitat<\/strong><\/h5>\n<p data-start=\"2640\" data-end=\"2997\">A <strong data-start=\"2643\" data-end=\"2657\">JFHomologa<\/strong>, estem compromesos amb la millora cont\u00ednua i estem atents a qualsevol suggeriment o comentari que ens ajudi a millorar l\u2019accessibilitat del nostre lloc web. Si trobes alguna dificultat per accedir a alguna part del lloc o si tens alguna proposta per millorar l\u2019accessibilitat, no dubtis a posar-te en contacte amb nosaltres. <\/p>\n<p data-start=\"2999\" data-end=\"3046\">Ho pots fer mitjan\u00e7ant els seg\u00fcents canals:<\/p>\n<ul data-start=\"3047\" data-end=\"3239\">\n<li data-start=\"3047\" data-end=\"3108\"><strong data-start=\"3049\" data-end=\"3071\">Correu electr\u00f2nic<\/strong>: info@jfhomologa.com<\/li>\n<li data-start=\"3109\" data-end=\"3148\"><strong data-start=\"3111\" data-end=\"3123\">Tel\u00e8fon<\/strong>: 654 830 302<\/li>\n<li data-start=\"3149\" data-end=\"3239\"><strong data-start=\"3151\" data-end=\"3164\">Adre\u00e7a<\/strong>: Carrer del Pilar, 44, 08710 Santa Margarida de Montbui, Barcelona.<\/li>\n<\/ul>\n<h5 data-start=\"3241\" data-end=\"3293\"><strong data-start=\"3241\" data-end=\"3293\">6. Compatibilitat amb navegadors i dispositius<\/strong><\/h5>\n<p data-start=\"3295\" data-end=\"3637\">El lloc web de <strong data-start=\"3311\" data-end=\"3325\">JFHomologa<\/strong> \u00e9s compatible amb les versions m\u00e9s recents dels navegadors m\u00e9s utilitzats (com Google Chrome, Mozilla Firefox, Safari i Microsoft Edge) i amb dispositius m\u00f2bils i tauletes. Es recomana utilitzar sempre les versions m\u00e9s actuals d\u2019aquests navegadors per assegurar una experi\u00e8ncia de navegaci\u00f3 \u00f2ptima. <\/p>\n<h5 data-start=\"3639\" data-end=\"3688\"><strong data-start=\"3639\" data-end=\"3688\">7. Revisi\u00f3 i actualitzaci\u00f3 de la Declaraci\u00f3<\/strong><\/h5>\n<p data-start=\"3690\" data-end=\"3907\">Aquesta Declaraci\u00f3 d\u2019Accessibilitat ser\u00e0 revisada i actualitzada peri\u00f2dicament per garantir que segueix complint amb la normativa aplicable i les millors pr\u00e0ctiques.<br>Les modificacions es publicaran en aquesta p\u00e0gina. <\/p>\n<h5 data-start=\"3909\" data-end=\"3933\"><strong data-start=\"3909\" data-end=\"3933\">8. Declaraci\u00f3 final<\/strong><\/h5>\n<p data-start=\"3935\" data-end=\"4208\">Mitjan\u00e7ant aquest esfor\u00e7, el nostre objectiu \u00e9s garantir que tots els usuaris, independentment de les seves capacitats o del dispositiu que utilitzin, puguin accedir a la informaci\u00f3 i als serveis que oferim a <strong data-start=\"4151\" data-end=\"4165\">JFHomologa<\/strong> de la manera m\u00e9s senzilla i c\u00f2moda possible.<\/p>\n\t\t\t\t\t\t\t\t<\/div>\n\t\t\t\t<\/div>\n\t\t\t\t\t<\/div>\n\t\t<\/div>\n\t\t\t\t\t<\/div>\n\t\t<\/section>\n\t\t\t\t<\/div>\n\t\t","protected":false},"excerpt":{"rendered":"<p>A JFHomologa, ens comprometem a garantir l\u2019accessibilitat del nostre lloc web per a totes les persones, independentment de les seves capacitats. Amb aquest objectiu, treballem per complir els requisits establerts en la legislaci\u00f3 vigent i garantir que el nostre..<\/p>\n","protected":false},"author":1,"featured_media":0,"parent":0,"menu_order":0,"comment_status":"closed","ping_status":"closed","template":"","meta":{"footnotes":""},"class_list":["post-93956","page","type-page","status-publish","hentry"],"yoast_head":"<!-- This site is optimized with the Yoast SEO plugin v27.5 - https:\/\/yoast.com\/product\/yoast-seo-wordpress\/ -->\n<title>Declaraci\u00f3 d&#039;Accessibilitat - JF Homologa<\/title>\n<meta name=\"robots\" content=\"index, follow, max-snippet:-1, max-image-preview:large, max-video-preview:-1\" \/>\n<link rel=\"canonical\" href=\"https:\/\/jfhomologa.es\/declaracion-de-accesibilidad\/\" \/>\n<meta property=\"og:locale\" content=\"ca_ES\" \/>\n<meta property=\"og:type\" content=\"article\" \/>\n<meta property=\"og:title\" content=\"Declaraci\u00f3 d&#039;Accessibilitat - JF Homologa\" \/>\n<meta property=\"og:description\" content=\"A JFHomologa, ens comprometem a garantir l\u2019accessibilitat del nostre lloc web per a totes les persones, independentment de les seves capacitats. Amb aquest objectiu, treballem per complir els requisits establerts en la legislaci\u00f3 vigent i garantir que el nostre..\" \/>\n<meta property=\"og:url\" content=\"https:\/\/jfhomologa.es\/declaracion-de-accesibilidad\/\" \/>\n<meta property=\"og:site_name\" content=\"JF Homologa\" \/>\n<meta property=\"article:modified_time\" content=\"2025-06-18T12:02:31+00:00\" \/>\n<meta name=\"twitter:card\" content=\"summary_large_image\" \/>\n<meta name=\"twitter:label1\" content=\"Temps estimat de lectura\" \/>\n\t<meta name=\"twitter:data1\" content=\"3 minuts\" \/>\n<script type=\"application\/ld+json\" class=\"yoast-schema-graph\">{\"@context\":\"https:\\\/\\\/schema.org\",\"@graph\":[{\"@type\":\"WebPage\",\"@id\":\"https:\\\/\\\/jfhomologa.es\\\/declaracion-de-accesibilidad\\\/\",\"url\":\"https:\\\/\\\/jfhomologa.es\\\/declaracion-de-accesibilidad\\\/\",\"name\":\"Declaraci\u00f3 d'Accessibilitat - JF Homologa\",\"isPartOf\":{\"@id\":\"https:\\\/\\\/jfhomologa.es\\\/#website\"},\"datePublished\":\"2025-03-11T13:17:18+00:00\",\"dateModified\":\"2025-06-18T12:02:31+00:00\",\"breadcrumb\":{\"@id\":\"https:\\\/\\\/jfhomologa.es\\\/declaracion-de-accesibilidad\\\/#breadcrumb\"},\"inLanguage\":\"ca\",\"potentialAction\":[{\"@type\":\"ReadAction\",\"target\":[\"https:\\\/\\\/jfhomologa.es\\\/declaracion-de-accesibilidad\\\/\"]}]},{\"@type\":\"BreadcrumbList\",\"@id\":\"https:\\\/\\\/jfhomologa.es\\\/declaracion-de-accesibilidad\\\/#breadcrumb\",\"itemListElement\":[{\"@type\":\"ListItem\",\"position\":1,\"name\":\"Portada\",\"item\":\"https:\\\/\\\/jfhomologa.es\\\/\"},{\"@type\":\"ListItem\",\"position\":2,\"name\":\"Declaraci\u00f3 d&#8217;Accessibilitat\"}]},{\"@type\":\"WebSite\",\"@id\":\"https:\\\/\\\/jfhomologa.es\\\/#website\",\"url\":\"https:\\\/\\\/jfhomologa.es\\\/\",\"name\":\"JF Homologa\",\"description\":\"Homologaci\u00f3n online de veh\u00edculos, ofreciendo servicios r\u00e1pidos y efectivos para legalizar reformas en turismos, 4x4, campers, motos y m\u00e1s, garantizando el cumplimiento de la ITV sin complicaciones.\",\"publisher\":{\"@id\":\"https:\\\/\\\/jfhomologa.es\\\/#organization\"},\"potentialAction\":[{\"@type\":\"SearchAction\",\"target\":{\"@type\":\"EntryPoint\",\"urlTemplate\":\"https:\\\/\\\/jfhomologa.es\\\/?s={search_term_string}\"},\"query-input\":{\"@type\":\"PropertyValueSpecification\",\"valueRequired\":true,\"valueName\":\"search_term_string\"}}],\"inLanguage\":\"ca\"},{\"@type\":\"Organization\",\"@id\":\"https:\\\/\\\/jfhomologa.es\\\/#organization\",\"name\":\"JF Homologa\",\"url\":\"https:\\\/\\\/jfhomologa.es\\\/\",\"logo\":{\"@type\":\"ImageObject\",\"inLanguage\":\"ca\",\"@id\":\"https:\\\/\\\/jfhomologa.es\\\/#\\\/schema\\\/logo\\\/image\\\/\",\"url\":\"https:\\\/\\\/jfhomologa.es\\\/wp-content\\\/uploads\\\/2025\\\/04\\\/cropped-descarga-85.png\",\"contentUrl\":\"https:\\\/\\\/jfhomologa.es\\\/wp-content\\\/uploads\\\/2025\\\/04\\\/cropped-descarga-85.png\",\"width\":46,\"height\":35,\"caption\":\"JF Homologa\"},\"image\":{\"@id\":\"https:\\\/\\\/jfhomologa.es\\\/#\\\/schema\\\/logo\\\/image\\\/\"}}]}<\/script>\n<!-- \/ Yoast SEO plugin. -->","yoast_head_json":{"title":"Declaraci\u00f3 d'Accessibilitat - JF Homologa","robots":{"index":"index","follow":"follow","max-snippet":"max-snippet:-1","max-image-preview":"max-image-preview:large","max-video-preview":"max-video-preview:-1"},"canonical":"https:\/\/jfhomologa.es\/declaracion-de-accesibilidad\/","og_locale":"ca_ES","og_type":"article","og_title":"Declaraci\u00f3 d'Accessibilitat - JF Homologa","og_description":"A JFHomologa, ens comprometem a garantir l\u2019accessibilitat del nostre lloc web per a totes les persones, independentment de les seves capacitats. Amb aquest objectiu, treballem per complir els requisits establerts en la legislaci\u00f3 vigent i garantir que el nostre..","og_url":"https:\/\/jfhomologa.es\/declaracion-de-accesibilidad\/","og_site_name":"JF Homologa","article_modified_time":"2025-06-18T12:02:31+00:00","twitter_card":"summary_large_image","twitter_misc":{"Temps estimat de lectura":"3 minuts"},"schema":{"@context":"https:\/\/schema.org","@graph":[{"@type":"WebPage","@id":"https:\/\/jfhomologa.es\/declaracion-de-accesibilidad\/","url":"https:\/\/jfhomologa.es\/declaracion-de-accesibilidad\/","name":"Declaraci\u00f3 d'Accessibilitat - JF Homologa","isPartOf":{"@id":"https:\/\/jfhomologa.es\/#website"},"datePublished":"2025-03-11T13:17:18+00:00","dateModified":"2025-06-18T12:02:31+00:00","breadcrumb":{"@id":"https:\/\/jfhomologa.es\/declaracion-de-accesibilidad\/#breadcrumb"},"inLanguage":"ca","potentialAction":[{"@type":"ReadAction","target":["https:\/\/jfhomologa.es\/declaracion-de-accesibilidad\/"]}]},{"@type":"BreadcrumbList","@id":"https:\/\/jfhomologa.es\/declaracion-de-accesibilidad\/#breadcrumb","itemListElement":[{"@type":"ListItem","position":1,"name":"Portada","item":"https:\/\/jfhomologa.es\/"},{"@type":"ListItem","position":2,"name":"Declaraci\u00f3 d&#8217;Accessibilitat"}]},{"@type":"WebSite","@id":"https:\/\/jfhomologa.es\/#website","url":"https:\/\/jfhomologa.es\/","name":"JF Homologa","description":"Homologaci\u00f3n online de veh\u00edculos, ofreciendo servicios r\u00e1pidos y efectivos para legalizar reformas en turismos, 4x4, campers, motos y m\u00e1s, garantizando el cumplimiento de la ITV sin complicaciones.","publisher":{"@id":"https:\/\/jfhomologa.es\/#organization"},"potentialAction":[{"@type":"SearchAction","target":{"@type":"EntryPoint","urlTemplate":"https:\/\/jfhomologa.es\/?s={search_term_string}"},"query-input":{"@type":"PropertyValueSpecification","valueRequired":true,"valueName":"search_term_string"}}],"inLanguage":"ca"},{"@type":"Organization","@id":"https:\/\/jfhomologa.es\/#organization","name":"JF Homologa","url":"https:\/\/jfhomologa.es\/","logo":{"@type":"ImageObject","inLanguage":"ca","@id":"https:\/\/jfhomologa.es\/#\/schema\/logo\/image\/","url":"https:\/\/jfhomologa.es\/wp-content\/uploads\/2025\/04\/cropped-descarga-85.png","contentUrl":"https:\/\/jfhomologa.es\/wp-content\/uploads\/2025\/04\/cropped-descarga-85.png","width":46,"height":35,"caption":"JF Homologa"},"image":{"@id":"https:\/\/jfhomologa.es\/#\/schema\/logo\/image\/"}}]}},"_links":{"self":[{"href":"https:\/\/jfhomologa.es\/ca\/wp-json\/wp\/v2\/pages\/93956","targetHints":{"allow":["GET"]}}],"collection":[{"href":"https:\/\/jfhomologa.es\/ca\/wp-json\/wp\/v2\/pages"}],"about":[{"href":"https:\/\/jfhomologa.es\/ca\/wp-json\/wp\/v2\/types\/page"}],"author":[{"embeddable":true,"href":"https:\/\/jfhomologa.es\/ca\/wp-json\/wp\/v2\/users\/1"}],"replies":[{"embeddable":true,"href":"https:\/\/jfhomologa.es\/ca\/wp-json\/wp\/v2\/comments?post=93956"}],"version-history":[{"count":3,"href":"https:\/\/jfhomologa.es\/ca\/wp-json\/wp\/v2\/pages\/93956\/revisions"}],"predecessor-version":[{"id":93959,"href":"https:\/\/jfhomologa.es\/ca\/wp-json\/wp\/v2\/pages\/93956\/revisions\/93959"}],"wp:attachment":[{"href":"https:\/\/jfhomologa.es\/ca\/wp-json\/wp\/v2\/media?parent=93956"}],"curies":[{"name":"wp","href":"https:\/\/api.w.org\/{rel}","templated":true}]}}