{"id":93944,"date":"2024-07-17T04:48:48","date_gmt":"2024-07-17T04:48:48","guid":{"rendered":"https:\/\/jfhomologa.es\/avis-legal\/"},"modified":"2025-06-18T11:07:36","modified_gmt":"2025-06-18T11:07:36","slug":"avis-legal","status":"publish","type":"page","link":"https:\/\/jfhomologa.es\/ca\/avis-legal\/","title":{"rendered":"Av\u00eds Legal"},"content":{"rendered":"\t\t<div data-elementor-type=\"wp-page\" data-elementor-id=\"93944\" class=\"elementor elementor-93944 elementor-84253\" data-elementor-post-type=\"page\">\n\t\t\t\t\t\t<section class=\"elementor-section elementor-top-section elementor-element elementor-element-242a46 elementor-section-boxed elementor-section-height-default elementor-section-height-default\" data-id=\"242a46\" data-element_type=\"section\" data-e-type=\"section\">\n\t\t\t\t\t\t<div class=\"elementor-container elementor-column-gap-default\">\n\t\t\t\t\t<div class=\"elementor-column elementor-col-100 elementor-top-column elementor-element elementor-element-1a5ea6e2\" data-id=\"1a5ea6e2\" data-element_type=\"column\" data-e-type=\"column\">\n\t\t\t<div class=\"elementor-widget-wrap elementor-element-populated\">\n\t\t\t\t\t\t<div class=\"elementor-element elementor-element-13033609 elementor-widget elementor-widget-text-editor\" data-id=\"13033609\" data-element_type=\"widget\" data-e-type=\"widget\" data-widget_type=\"text-editor.default\">\n\t\t\t\t<div class=\"elementor-widget-container\">\n\t\t\t\t\t\t\t\t\t\n<p data-start=\"102\" data-end=\"349\">En compliment de la Llei 34\/2002, de 11 de juliol, de Serveis de la Societat de la Informaci\u00f3 i de Comer\u00e7 Electr\u00f2nic (LSSI-CE) i la resta de normativa aplicable, s\u2019informa els usuaris de la p\u00e0gina web de <strong data-start=\"310\" data-end=\"324\">JFHomologa<\/strong> dels seg\u00fcents dades:<\/p>\n<h5 data-start=\"351\" data-end=\"394\"><strong data-start=\"351\" data-end=\"394\">1. Identificaci\u00f3 del titular de la web<\/strong><\/h5>\n<p data-start=\"396\" data-end=\"442\">El titular de la p\u00e0gina web <strong data-start=\"424\" data-end=\"438\">JFHomologa<\/strong> \u00e9s:<\/p>\n<ul data-start=\"444\" data-end=\"683\">\n<li data-start=\"444\" data-end=\"494\"><strong data-start=\"446\" data-end=\"472\">Nom del propietari<\/strong>: Pau Jim\u00e9nez Florensa<\/li>\n<li data-start=\"495\" data-end=\"515\"><strong data-start=\"497\" data-end=\"504\">NIF<\/strong>: 47121467X<\/li>\n<li data-start=\"516\" data-end=\"606\"><strong data-start=\"518\" data-end=\"531\">Domicili<\/strong>: Carrer del Pilar, 44, 08710 Santa Margarida de Montbui, Barcelona.<\/li>\n<li data-start=\"607\" data-end=\"680\"><strong data-start=\"609\" data-end=\"643\">Correu electr\u00f2nic de contacte<\/strong>: info@jfhomologa.com<\/li>\n<\/ul>\n<h5 data-start=\"684\" data-end=\"711\"><strong data-start=\"684\" data-end=\"711\">2. Objecte del lloc web<\/strong><\/h5>\n<p data-start=\"713\" data-end=\"956\">El lloc web <strong data-start=\"726\" data-end=\"740\">JFHomologa<\/strong> t\u00e9 com a finalitat proporcionar informaci\u00f3 sobre els serveis relacionats amb l\u2019homologaci\u00f3 de vehicles, aix\u00ed com facilitar el contacte entre els usuaris i el propietari per a la contractaci\u00f3 d\u2019aquests serveis.<\/p>\n<h5 data-start=\"958\" data-end=\"997\"><strong data-start=\"958\" data-end=\"997\">3. Condicions d&#8217;\u00fas del lloc web<\/strong><\/h5>\n<p data-start=\"999\" data-end=\"1293\">En accedir i utilitzar aquest lloc web, l\u2019usuari es compromet a fer-ho d\u2019acord amb la legislaci\u00f3 vigent, la moral i les bones costums, aix\u00ed com amb les presents condicions d\u2019\u00fas.<br>Queda prohibit l\u2019\u00fas d\u2019aquest lloc web per a activitats il\u00b7l\u00edcites o contr\u00e0ries als interessos de <strong data-start=\"1278\" data-end=\"1292\">JFHomologa<\/strong>. <\/p>\n<h5 data-start=\"1295\" data-end=\"1336\"><strong data-start=\"1295\" data-end=\"1336\">4. Propietat intel\u00b7lectual i industrial<\/strong><\/h5>\n<p data-start=\"1338\" data-end=\"1627\">Tots els continguts de la p\u00e0gina web, incloent-hi textos, imatges, gr\u00e0fics, logotips, icones, programari, bases de dades i disseny gr\u00e0fic, s\u00f3n propietat de <strong data-start=\"1495\" data-end=\"1509\">JFHomologa<\/strong> o de tercers que n\u2019han autoritzat l\u2019\u00fas, i estan protegits per la legislaci\u00f3 de propietat intel\u00b7lectual i industrial.<\/p>\n<p data-start=\"1629\" data-end=\"1835\">Queda prohibida qualsevol reproducci\u00f3, distribuci\u00f3, transformaci\u00f3 o qualsevol altra forma d\u2019explotaci\u00f3 dels continguts d\u2019aquesta web sense el consentiment expr\u00e9s i per escrit del titular de la p\u00e0gina.<\/p>\n<h5 data-start=\"1837\" data-end=\"1874\"><strong data-start=\"1837\" data-end=\"1874\">5. Exempci\u00f3 de responsabilitat<\/strong><\/h5>\n<p data-start=\"1876\" data-end=\"2185\"><strong data-start=\"1876\" data-end=\"1890\">JFHomologa<\/strong> no es fa responsable dels possibles errors o omissions en els continguts de la p\u00e0gina web, ni dels danys derivats de l\u2019\u00fas del lloc web. Tampoc no es responsabilitza dels continguts dels enlla\u00e7os a llocs web de tercers, que s\u2019ofereixen \u00fanicament per facilitar la navegaci\u00f3. <\/p>\n<h5 data-start=\"2187\" data-end=\"2224\"><strong data-start=\"2187\" data-end=\"2224\">6. Protecci\u00f3 de dades personals<\/strong><\/h5>\n<p data-start=\"2226\" data-end=\"2660\"><strong data-start=\"2226\" data-end=\"2240\">JFHomologa<\/strong> compleix amb la normativa vigent en mat\u00e8ria de protecci\u00f3 de dades personals, especialment amb la Llei Org\u00e0nica 3\/2018, de 5 de desembre, de Protecci\u00f3 de Dades Personals i garantia dels drets digitals, i el Reglament (UE) 2016\/679 del Parlament Europeu i del Consell, relatiu a la protecci\u00f3 de les persones f\u00edsiques pel que fa al tractament de dades personals i a la lliure circulaci\u00f3 d\u2019aquestes dades.<\/p>\n<p data-start=\"2662\" data-end=\"2769\">Per a m\u00e9s informaci\u00f3 sobre el tractament de dades personals, consulta la nostra <strong data-start=\"2742\" data-end=\"2768\">Pol\u00edtica de Privacitat<\/strong>.<\/p>\n<h5 data-start=\"2771\" data-end=\"2792\"><strong data-start=\"2771\" data-end=\"2792\">7. Modificacions<\/strong><\/h5>\n<p data-start=\"2794\" data-end=\"3035\"><strong data-start=\"2794\" data-end=\"2808\">JFHomologa<\/strong> es reserva el dret a modificar, en qualsevol moment, el contingut d\u2019aquest av\u00eds legal, aix\u00ed com els termes i condicions d\u2019\u00fas de la p\u00e0gina web. Les modificacions entraran en vigor des de la seva publicaci\u00f3 al lloc web. <\/p>\n<h5 data-start=\"3037\" data-end=\"3091\"><strong data-start=\"3037\" data-end=\"3091\">8. Legislaci\u00f3 aplicable i jurisdicci\u00f3 competent<\/strong><\/h5>\n<p data-start=\"3093\" data-end=\"3361\">Aquest av\u00eds legal es regeix per la legislaci\u00f3 espanyola. En cas de conflicte o controv\u00e8rsia relacionada amb l\u2019\u00fas de la p\u00e0gina web, les parts se sotmeten als jutjats i tribunals de <strong data-start=\"3277\" data-end=\"3290\">Barcelona<\/strong>, amb ren\u00fancia expressa a qualsevol altre fur que pogu\u00e9s correspondre. <\/p>\n\t\t\t\t\t\t\t\t<\/div>\n\t\t\t\t<\/div>\n\t\t\t\t\t<\/div>\n\t\t<\/div>\n\t\t\t\t\t<\/div>\n\t\t<\/section>\n\t\t\t\t<\/div>\n\t\t","protected":false},"excerpt":{"rendered":"<p>En compliment de la Llei 34\/2002, de 11 de juliol, de Serveis de la Societat de la Informaci\u00f3 i de Comer\u00e7 Electr\u00f2nic (LSSI-CE) i la resta de normativa aplicable, s\u2019informa els usuaris de la p\u00e0gina web de JFHomologa dels..<\/p>\n","protected":false},"author":1,"featured_media":0,"parent":0,"menu_order":0,"comment_status":"closed","ping_status":"closed","template":"","meta":{"footnotes":""},"class_list":["post-93944","page","type-page","status-publish","hentry"],"yoast_head":"<!-- This site is optimized with the Yoast SEO plugin v27.5 - https:\/\/yoast.com\/product\/yoast-seo-wordpress\/ -->\n<title>Av\u00eds Legal - JF Homologa<\/title>\n<meta name=\"robots\" content=\"index, follow, max-snippet:-1, max-image-preview:large, max-video-preview:-1\" \/>\n<link rel=\"canonical\" href=\"https:\/\/jfhomologa.es\/aviso-legal\/\" \/>\n<meta property=\"og:locale\" content=\"ca_ES\" \/>\n<meta property=\"og:type\" content=\"article\" \/>\n<meta property=\"og:title\" content=\"Av\u00eds Legal - JF Homologa\" \/>\n<meta property=\"og:description\" content=\"En compliment de la Llei 34\/2002, de 11 de juliol, de Serveis de la Societat de la Informaci\u00f3 i de Comer\u00e7 Electr\u00f2nic (LSSI-CE) i la resta de normativa aplicable, s\u2019informa els usuaris de la p\u00e0gina web de JFHomologa dels..\" \/>\n<meta property=\"og:url\" content=\"https:\/\/jfhomologa.es\/aviso-legal\/\" \/>\n<meta property=\"og:site_name\" content=\"JF Homologa\" \/>\n<meta property=\"article:modified_time\" content=\"2025-06-18T11:07:36+00:00\" \/>\n<meta name=\"twitter:card\" content=\"summary_large_image\" \/>\n<meta name=\"twitter:label1\" content=\"Temps estimat de lectura\" \/>\n\t<meta name=\"twitter:data1\" content=\"3 minuts\" \/>\n<script type=\"application\/ld+json\" class=\"yoast-schema-graph\">{\"@context\":\"https:\\\/\\\/schema.org\",\"@graph\":[{\"@type\":\"WebPage\",\"@id\":\"https:\\\/\\\/jfhomologa.es\\\/aviso-legal\\\/\",\"url\":\"https:\\\/\\\/jfhomologa.es\\\/aviso-legal\\\/\",\"name\":\"Av\u00eds Legal - JF Homologa\",\"isPartOf\":{\"@id\":\"https:\\\/\\\/jfhomologa.es\\\/#website\"},\"datePublished\":\"2024-07-17T04:48:48+00:00\",\"dateModified\":\"2025-06-18T11:07:36+00:00\",\"breadcrumb\":{\"@id\":\"https:\\\/\\\/jfhomologa.es\\\/aviso-legal\\\/#breadcrumb\"},\"inLanguage\":\"ca\",\"potentialAction\":[{\"@type\":\"ReadAction\",\"target\":[\"https:\\\/\\\/jfhomologa.es\\\/aviso-legal\\\/\"]}]},{\"@type\":\"BreadcrumbList\",\"@id\":\"https:\\\/\\\/jfhomologa.es\\\/aviso-legal\\\/#breadcrumb\",\"itemListElement\":[{\"@type\":\"ListItem\",\"position\":1,\"name\":\"Portada\",\"item\":\"https:\\\/\\\/jfhomologa.es\\\/\"},{\"@type\":\"ListItem\",\"position\":2,\"name\":\"Av\u00eds Legal\"}]},{\"@type\":\"WebSite\",\"@id\":\"https:\\\/\\\/jfhomologa.es\\\/#website\",\"url\":\"https:\\\/\\\/jfhomologa.es\\\/\",\"name\":\"JF Homologa\",\"description\":\"Homologaci\u00f3n online de veh\u00edculos, ofreciendo servicios r\u00e1pidos y efectivos para legalizar reformas en turismos, 4x4, campers, motos y m\u00e1s, garantizando el cumplimiento de la ITV sin complicaciones.\",\"publisher\":{\"@id\":\"https:\\\/\\\/jfhomologa.es\\\/#organization\"},\"potentialAction\":[{\"@type\":\"SearchAction\",\"target\":{\"@type\":\"EntryPoint\",\"urlTemplate\":\"https:\\\/\\\/jfhomologa.es\\\/?s={search_term_string}\"},\"query-input\":{\"@type\":\"PropertyValueSpecification\",\"valueRequired\":true,\"valueName\":\"search_term_string\"}}],\"inLanguage\":\"ca\"},{\"@type\":\"Organization\",\"@id\":\"https:\\\/\\\/jfhomologa.es\\\/#organization\",\"name\":\"JF Homologa\",\"url\":\"https:\\\/\\\/jfhomologa.es\\\/\",\"logo\":{\"@type\":\"ImageObject\",\"inLanguage\":\"ca\",\"@id\":\"https:\\\/\\\/jfhomologa.es\\\/#\\\/schema\\\/logo\\\/image\\\/\",\"url\":\"https:\\\/\\\/jfhomologa.es\\\/wp-content\\\/uploads\\\/2025\\\/04\\\/cropped-descarga-85.png\",\"contentUrl\":\"https:\\\/\\\/jfhomologa.es\\\/wp-content\\\/uploads\\\/2025\\\/04\\\/cropped-descarga-85.png\",\"width\":46,\"height\":35,\"caption\":\"JF Homologa\"},\"image\":{\"@id\":\"https:\\\/\\\/jfhomologa.es\\\/#\\\/schema\\\/logo\\\/image\\\/\"}}]}<\/script>\n<!-- \/ Yoast SEO plugin. -->","yoast_head_json":{"title":"Av\u00eds Legal - JF Homologa","robots":{"index":"index","follow":"follow","max-snippet":"max-snippet:-1","max-image-preview":"max-image-preview:large","max-video-preview":"max-video-preview:-1"},"canonical":"https:\/\/jfhomologa.es\/aviso-legal\/","og_locale":"ca_ES","og_type":"article","og_title":"Av\u00eds Legal - JF Homologa","og_description":"En compliment de la Llei 34\/2002, de 11 de juliol, de Serveis de la Societat de la Informaci\u00f3 i de Comer\u00e7 Electr\u00f2nic (LSSI-CE) i la resta de normativa aplicable, s\u2019informa els usuaris de la p\u00e0gina web de JFHomologa dels..","og_url":"https:\/\/jfhomologa.es\/aviso-legal\/","og_site_name":"JF Homologa","article_modified_time":"2025-06-18T11:07:36+00:00","twitter_card":"summary_large_image","twitter_misc":{"Temps estimat de lectura":"3 minuts"},"schema":{"@context":"https:\/\/schema.org","@graph":[{"@type":"WebPage","@id":"https:\/\/jfhomologa.es\/aviso-legal\/","url":"https:\/\/jfhomologa.es\/aviso-legal\/","name":"Av\u00eds Legal - JF Homologa","isPartOf":{"@id":"https:\/\/jfhomologa.es\/#website"},"datePublished":"2024-07-17T04:48:48+00:00","dateModified":"2025-06-18T11:07:36+00:00","breadcrumb":{"@id":"https:\/\/jfhomologa.es\/aviso-legal\/#breadcrumb"},"inLanguage":"ca","potentialAction":[{"@type":"ReadAction","target":["https:\/\/jfhomologa.es\/aviso-legal\/"]}]},{"@type":"BreadcrumbList","@id":"https:\/\/jfhomologa.es\/aviso-legal\/#breadcrumb","itemListElement":[{"@type":"ListItem","position":1,"name":"Portada","item":"https:\/\/jfhomologa.es\/"},{"@type":"ListItem","position":2,"name":"Av\u00eds Legal"}]},{"@type":"WebSite","@id":"https:\/\/jfhomologa.es\/#website","url":"https:\/\/jfhomologa.es\/","name":"JF Homologa","description":"Homologaci\u00f3n online de veh\u00edculos, ofreciendo servicios r\u00e1pidos y efectivos para legalizar reformas en turismos, 4x4, campers, motos y m\u00e1s, garantizando el cumplimiento de la ITV sin complicaciones.","publisher":{"@id":"https:\/\/jfhomologa.es\/#organization"},"potentialAction":[{"@type":"SearchAction","target":{"@type":"EntryPoint","urlTemplate":"https:\/\/jfhomologa.es\/?s={search_term_string}"},"query-input":{"@type":"PropertyValueSpecification","valueRequired":true,"valueName":"search_term_string"}}],"inLanguage":"ca"},{"@type":"Organization","@id":"https:\/\/jfhomologa.es\/#organization","name":"JF Homologa","url":"https:\/\/jfhomologa.es\/","logo":{"@type":"ImageObject","inLanguage":"ca","@id":"https:\/\/jfhomologa.es\/#\/schema\/logo\/image\/","url":"https:\/\/jfhomologa.es\/wp-content\/uploads\/2025\/04\/cropped-descarga-85.png","contentUrl":"https:\/\/jfhomologa.es\/wp-content\/uploads\/2025\/04\/cropped-descarga-85.png","width":46,"height":35,"caption":"JF Homologa"},"image":{"@id":"https:\/\/jfhomologa.es\/#\/schema\/logo\/image\/"}}]}},"_links":{"self":[{"href":"https:\/\/jfhomologa.es\/ca\/wp-json\/wp\/v2\/pages\/93944","targetHints":{"allow":["GET"]}}],"collection":[{"href":"https:\/\/jfhomologa.es\/ca\/wp-json\/wp\/v2\/pages"}],"about":[{"href":"https:\/\/jfhomologa.es\/ca\/wp-json\/wp\/v2\/types\/page"}],"author":[{"embeddable":true,"href":"https:\/\/jfhomologa.es\/ca\/wp-json\/wp\/v2\/users\/1"}],"replies":[{"embeddable":true,"href":"https:\/\/jfhomologa.es\/ca\/wp-json\/wp\/v2\/comments?post=93944"}],"version-history":[{"count":3,"href":"https:\/\/jfhomologa.es\/ca\/wp-json\/wp\/v2\/pages\/93944\/revisions"}],"predecessor-version":[{"id":93947,"href":"https:\/\/jfhomologa.es\/ca\/wp-json\/wp\/v2\/pages\/93944\/revisions\/93947"}],"wp:attachment":[{"href":"https:\/\/jfhomologa.es\/ca\/wp-json\/wp\/v2\/media?parent=93944"}],"curies":[{"name":"wp","href":"https:\/\/api.w.org\/{rel}","templated":true}]}}